{"id":9,"date":"2025-05-30T21:44:39","date_gmt":"2025-05-30T21:44:39","guid":{"rendered":"https:\/\/xn--kamnalen-74a.dk\/?page_id=9"},"modified":"2025-05-31T08:46:15","modified_gmt":"2025-05-31T08:46:15","slug":"kamoenalen","status":"publish","type":"page","link":"https:\/\/xn--kamnalen-74a.dk\/","title":{"rendered":"VELKOMMEN TIL"},"content":{"rendered":"\n<p>KAM\u00d8NALEN<\/p>\n\n\n\n<p>F\u00f8rste udsendelse 27 juli 2025<\/p>\n\n\n\n<p><a href=\"mailto:info@kam\u00f8nalen.dk\"><kbd>info@kam\u00f8nalen.dk<\/kbd><\/a><\/p>\n\n\n\n<p><\/p>\n","protected":false},"excerpt":{"rendered":"<p>KAM\u00d8NALEN F\u00f8rste udsendelse 27 juli 2025 info@kam\u00f8nalen.dk<\/p>\n","protected":false},"author":1,"featured_media":0,"parent":0,"menu_order":0,"comment_status":"closed","ping_status":"closed","template":"","meta":{"footnotes":""},"class_list":["post-9","page","type-page","status-publish","hentry"],"_links":{"self":[{"href":"https:\/\/xn--kamnalen-74a.dk\/index.php?rest_route=\/wp\/v2\/pages\/9","targetHints":{"allow":["GET"]}}],"collection":[{"href":"https:\/\/xn--kamnalen-74a.dk\/index.php?rest_route=\/wp\/v2\/pages"}],"about":[{"href":"https:\/\/xn--kamnalen-74a.dk\/index.php?rest_route=\/wp\/v2\/types\/page"}],"author":[{"embeddable":true,"href":"https:\/\/xn--kamnalen-74a.dk\/index.php?rest_route=\/wp\/v2\/users\/1"}],"replies":[{"embeddable":true,"href":"https:\/\/xn--kamnalen-74a.dk\/index.php?rest_route=%2Fwp%2Fv2%2Fcomments&post=9"}],"version-history":[{"count":9,"href":"https:\/\/xn--kamnalen-74a.dk\/index.php?rest_route=\/wp\/v2\/pages\/9\/revisions"}],"predecessor-version":[{"id":40,"href":"https:\/\/xn--kamnalen-74a.dk\/index.php?rest_route=\/wp\/v2\/pages\/9\/revisions\/40"}],"wp:attachment":[{"href":"https:\/\/xn--kamnalen-74a.dk\/index.php?rest_route=%2Fwp%2Fv2%2Fmedia&parent=9"}],"curies":[{"name":"wp","href":"https:\/\/api.w.org\/{rel}","templated":true}]}}